{"id":3373,"date":"2026-03-12T13:34:42","date_gmt":"2026-03-12T11:34:42","guid":{"rendered":"https:\/\/www.toniforns.com\/video\/"},"modified":"2026-03-12T14:25:07","modified_gmt":"2026-03-12T12:25:07","slug":"video","status":"publish","type":"page","link":"https:\/\/www.toniforns.com\/en\/video\/","title":{"rendered":"Video"},"content":{"rendered":"<p>[et_pb_section fb_built=&#8221;1&#8243; _builder_version=&#8221;4.16&#8243; background_image=&#8221;https:\/\/www.toniforns.com\/wp-content\/uploads\/2020\/03\/projector.jpg&#8221; custom_padding=&#8221;209px||121px|||&#8221; global_colors_info=&#8221;{}&#8221;][\/et_pb_section][et_pb_section fb_built=&#8221;1&#8243; _builder_version=&#8221;4.27.5&#8243; _module_preset=&#8221;default&#8221; locked=&#8221;off&#8221; global_colors_info=&#8221;{}&#8221;][et_pb_row _builder_version=&#8221;4.27.5&#8243; _module_preset=&#8221;default&#8221; global_colors_info=&#8221;{}&#8221;][et_pb_column type=&#8221;4_4&#8243; _builder_version=&#8221;4.27.5&#8243; _module_preset=&#8221;default&#8221; global_colors_info=&#8221;{}&#8221;][et_pb_text _builder_version=&#8221;4.27.5&#8243; _module_preset=&#8221;default&#8221; header_text_align=&#8221;center&#8221; text_orientation=&#8221;center&#8221; module_alignment=&#8221;center&#8221; global_colors_info=&#8221;{}&#8221;][\/et_pb_text][\/et_pb_column][\/et_pb_row][et_pb_row column_structure=&#8221;2_3,1_3&#8243; _builder_version=&#8221;4.27.5&#8243; _module_preset=&#8221;default&#8221; locked=&#8221;off&#8221; global_colors_info=&#8221;{}&#8221;][et_pb_column type=&#8221;2_3&#8243; _builder_version=&#8221;4.27.5&#8243; _module_preset=&#8221;default&#8221; global_colors_info=&#8221;{}&#8221;][et_pb_image src=&#8221;https:\/\/www.toniforns.com\/wp-content\/uploads\/2026\/01\/DSC_1468.1.jpg&#8221; title_text=&#8221;DSC_1468.1&#8243; _builder_version=&#8221;4.27.5&#8243; _module_preset=&#8221;default&#8221; custom_margin=&#8221;10px||||false|false&#8221; custom_margin_tablet=&#8221;0px||||false|false&#8221; custom_margin_phone=&#8221;0px||||false|false&#8221; custom_margin_last_edited=&#8221;on|desktop&#8221; global_colors_info=&#8221;{}&#8221;][\/et_pb_image][\/et_pb_column][et_pb_column type=&#8221;1_3&#8243; _builder_version=&#8221;4.27.5&#8243; _module_preset=&#8221;default&#8221; global_colors_info=&#8221;{}&#8221;][et_pb_text _builder_version=&#8221;4.27.5&#8243; _module_preset=&#8221;default&#8221; global_colors_info=&#8221;{}&#8221;]<\/p>\n<p><strong>I&#8217;m Pau Forns, videographer<\/strong><\/p>\n<p>My training began long before I picked up a video camera, watching my father, a very experienced photographer. I inherited his eye for light, composition and, above all, the gift of capturing the essence of a moment. <\/p>\n<p>I have transferred this heritage to videography, with a style that mixes the capture of emotions and cinematic aesthetics.<\/p>\n<p>I specialize in bringing to life the moments that matter:<\/p>\n<p><strong>Casaments i esdeveniments:<\/strong> El meu objectiu \u00e9s ser invisible, capturant les emocions reals, les rialles i els nervis que defineixen el dia. El vostre dia \u00e9s la vostra hist\u00f2ria reflexat com una pel\u00b7l\u00edcula \u00fanica. <\/p>\n<p><strong>Content for Companies and Brands<\/strong>: From our studio, I create product videos, content for social networks and advertising pieces.<\/p>\n<p>[\/et_pb_text][\/et_pb_column][\/et_pb_row][\/et_pb_section][et_pb_section fb_built=&#8221;1&#8243; _builder_version=&#8221;4.16&#8243; global_colors_info=&#8221;{}&#8221;][et_pb_row column_structure=&#8221;1_2,1_2&#8243; _builder_version=&#8221;4.16&#8243; global_colors_info=&#8221;{}&#8221;][et_pb_column type=&#8221;1_2&#8243; _builder_version=&#8221;4.16&#8243; background_enable_image=&#8221;off&#8221; global_colors_info=&#8221;{}&#8221;][et_pb_video src=&#8221;https:\/\/vimeo.com\/1158936765?share=copy&amp;fl=sv&amp;fe=ci&#8221; _builder_version=&#8221;4.27.5&#8243; _module_preset=&#8221;default&#8221; global_colors_info=&#8221;{}&#8221;][\/et_pb_video][\/et_pb_column][et_pb_column type=&#8221;1_2&#8243; _builder_version=&#8221;4.16&#8243; global_colors_info=&#8221;{}&#8221;][\/et_pb_column][\/et_pb_row][\/et_pb_section][et_pb_section fb_built=&#8221;1&#8243; _builder_version=&#8221;4.27.5&#8243; background_enable_color=&#8221;off&#8221; background_image=&#8221;https:\/\/www.toniforns.com\/wp-content\/uploads\/2020\/03\/DSC_0231clar.jpg&#8221; background_enable_image=&#8221;off&#8221; background_position=&#8221;top_center&#8221; custom_margin=&#8221;0px||||false|false&#8221; custom_padding=&#8221;3px|||||&#8221; hover_enabled=&#8221;0&#8243; global_module=&#8221;243&#8243; saved_tabs=&#8221;all&#8221; global_colors_info=&#8221;{}&#8221; sticky_enabled=&#8221;0&#8243;][et_pb_row column_structure=&#8221;1_2,1_2&#8243; _builder_version=&#8221;4.16&#8243; global_colors_info=&#8221;{}&#8221;][et_pb_column type=&#8221;1_2&#8243; _builder_version=&#8221;4.16&#8243; global_colors_info=&#8221;{}&#8221;][et_pb_image src=&#8221;https:\/\/www.toniforns.com\/wp-content\/uploads\/2026\/01\/logo-toniforns-fotografia-negre.png&#8221; title_text=&#8221;logo-toniforns-fotografia-negre&#8221; align=&#8221;right&#8221; _builder_version=&#8221;4.27.5&#8243; _module_preset=&#8221;default&#8221; width=&#8221;70%&#8221; global_colors_info=&#8221;{}&#8221;][\/et_pb_image][et_pb_contact_form email=&#8221;toni@toniforns.com&#8221; success_message=&#8221;Moltes gr\u00e0cies per contactar amb nosaltres. Comencem a treballar amb la teva proposta! &#8221; submit_button_text=&#8221;Enviar&#8221; disabled_on=&#8221;on|on|on&#8221; admin_label=&#8221;Contact Form&#8221; _builder_version=&#8221;4.27.4&#8243; _unique_id=&#8221;63e3713c-f875-4953-bb71-8ea73cae9965&#8243; form_field_background_color=&#8221;rgba(0,0,0,0.07)&#8221; title_font_size=&#8221;16px&#8221; custom_button=&#8221;on&#8221; button_text_color=&#8221;#ca0000&#8243; button_border_color=&#8221;rgba(0,0,0,0)&#8221; text_orientation=&#8221;left&#8221; disabled=&#8221;on&#8221; global_colors_info=&#8221;{}&#8221;][et_pb_contact_field field_id=&#8221;Name&#8221; field_title=&#8221;Nom i Cognom&#8221; fullwidth_field=&#8221;on&#8221; _builder_version=&#8221;4.27.4&#8243; global_colors_info=&#8221;{}&#8221; button_text_size__hover_enabled=&#8221;off&#8221; button_one_text_size__hover_enabled=&#8221;off&#8221; button_two_text_size__hover_enabled=&#8221;off&#8221; button_text_color__hover_enabled=&#8221;off&#8221; button_one_text_color__hover_enabled=&#8221;off&#8221; button_two_text_color__hover_enabled=&#8221;off&#8221; button_border_width__hover_enabled=&#8221;off&#8221; button_one_border_width__hover_enabled=&#8221;off&#8221; button_two_border_width__hover_enabled=&#8221;off&#8221; button_border_color__hover_enabled=&#8221;off&#8221; button_one_border_color__hover_enabled=&#8221;off&#8221; button_two_border_color__hover_enabled=&#8221;off&#8221; button_border_radius__hover_enabled=&#8221;off&#8221; button_one_border_radius__hover_enabled=&#8221;off&#8221; button_two_border_radius__hover_enabled=&#8221;off&#8221; button_letter_spacing__hover_enabled=&#8221;off&#8221; button_one_letter_spacing__hover_enabled=&#8221;off&#8221; button_two_letter_spacing__hover_enabled=&#8221;off&#8221; button_bg_color__hover_enabled=&#8221;off&#8221; button_one_bg_color__hover_enabled=&#8221;off&#8221; button_two_bg_color__hover_enabled=&#8221;off&#8221;][\/et_pb_contact_field][et_pb_contact_field field_id=&#8221;Mail&#8221; field_title=&#8221;Mail&#8221; field_type=&#8221;email&#8221; fullwidth_field=&#8221;on&#8221; _builder_version=&#8221;4.27.4&#8243; global_colors_info=&#8221;{}&#8221; button_text_size__hover_enabled=&#8221;off&#8221; button_one_text_size__hover_enabled=&#8221;off&#8221; button_two_text_size__hover_enabled=&#8221;off&#8221; button_text_color__hover_enabled=&#8221;off&#8221; button_one_text_color__hover_enabled=&#8221;off&#8221; button_two_text_color__hover_enabled=&#8221;off&#8221; button_border_width__hover_enabled=&#8221;off&#8221; button_one_border_width__hover_enabled=&#8221;off&#8221; button_two_border_width__hover_enabled=&#8221;off&#8221; button_border_color__hover_enabled=&#8221;off&#8221; button_one_border_color__hover_enabled=&#8221;off&#8221; button_two_border_color__hover_enabled=&#8221;off&#8221; button_border_radius__hover_enabled=&#8221;off&#8221; button_one_border_radius__hover_enabled=&#8221;off&#8221; button_two_border_radius__hover_enabled=&#8221;off&#8221; button_letter_spacing__hover_enabled=&#8221;off&#8221; button_one_letter_spacing__hover_enabled=&#8221;off&#8221; button_two_letter_spacing__hover_enabled=&#8221;off&#8221; button_bg_color__hover_enabled=&#8221;off&#8221; button_one_bg_color__hover_enabled=&#8221;off&#8221; button_two_bg_color__hover_enabled=&#8221;off&#8221;][\/et_pb_contact_field][et_pb_contact_field field_id=&#8221;Message&#8221; field_title=&#8221;Missatge&#8221; field_type=&#8221;text&#8221; fullwidth_field=&#8221;on&#8221; _builder_version=&#8221;4.16&#8243; global_colors_info=&#8221;{}&#8221; button_text_size__hover_enabled=&#8221;off&#8221; button_one_text_size__hover_enabled=&#8221;off&#8221; button_two_text_size__hover_enabled=&#8221;off&#8221; button_text_color__hover_enabled=&#8221;off&#8221; button_one_text_color__hover_enabled=&#8221;off&#8221; button_two_text_color__hover_enabled=&#8221;off&#8221; button_border_width__hover_enabled=&#8221;off&#8221; button_one_border_width__hover_enabled=&#8221;off&#8221; button_two_border_width__hover_enabled=&#8221;off&#8221; button_border_color__hover_enabled=&#8221;off&#8221; button_one_border_color__hover_enabled=&#8221;off&#8221; button_two_border_color__hover_enabled=&#8221;off&#8221; button_border_radius__hover_enabled=&#8221;off&#8221; button_one_border_radius__hover_enabled=&#8221;off&#8221; button_two_border_radius__hover_enabled=&#8221;off&#8221; button_letter_spacing__hover_enabled=&#8221;off&#8221; button_one_letter_spacing__hover_enabled=&#8221;off&#8221; button_two_letter_spacing__hover_enabled=&#8221;off&#8221; button_bg_color__hover_enabled=&#8221;off&#8221; button_one_bg_color__hover_enabled=&#8221;off&#8221; button_two_bg_color__hover_enabled=&#8221;off&#8221;][\/et_pb_contact_field][et_pb_contact_field field_id=&#8221;Esdeveniment&#8221; field_title=&#8221;Esdeveniment&#8221; field_type=&#8221;select&#8221; select_options=&#8221;%91{%22value%22:%22Casaments%22,%22checked%22:0,%22dragID%22:-1},{%22value%22:%22Comunions%22,%22checked%22:0,%22dragID%22:0},{%22value%22:%22Moda%22,%22checked%22:0,%22dragID%22:1},{%22value%22:%22Retrat estudi%22,%22checked%22:0,%22dragID%22:2},{%22value%22:%22Publicitat interior%22,%22checked%22:0,%22dragID%22:3},{%22value%22:%22Fam\u00edlia%22,%22checked%22:0,%22dragID%22:4},{%22value%22:%22Esports%22,%22checked%22:0,%22dragID%22:5},{%22value%22:%22Nens%22,%22checked%22:0,%22dragID%22:6},{%22value%22:%22Autor%22,%22checked%22:0,%22dragID%22:7},{%22value%22:%22Producte%22,%22checked%22:0,%22dragID%22:8}%93&#8243; fullwidth_field=&#8221;on&#8221; _builder_version=&#8221;4.16&#8243; global_colors_info=&#8221;{}&#8221;][\/et_pb_contact_field][et_pb_contact_field field_id=&#8221;Data&#8221; field_title=&#8221;Data&#8221; fullwidth_field=&#8221;on&#8221; _builder_version=&#8221;4.16&#8243; global_colors_info=&#8221;{}&#8221;][\/et_pb_contact_field][\/et_pb_contact_form][\/et_pb_column][et_pb_column type=&#8221;1_2&#8243; _builder_version=&#8221;4.16&#8243; global_colors_info=&#8221;{}&#8221;][et_pb_text _builder_version=&#8221;4.27.5&#8243; _module_preset=&#8221;default&#8221; global_colors_info=&#8221;{}&#8221;]<\/p>\n<p><strong>Location<\/strong><br \/>C\/Artur Mundet, 7<br \/>17252 St. Antoni de Calonge<\/p>\n<p><strong>Phone<\/strong><br \/>600 726 308<\/p>\n<p><strong>Mail<\/strong><br \/>toni@toniforns.com<\/p>\n<p>[\/et_pb_text][et_pb_social_media_follow icon_color=&#8221;#ffffff&#8221; use_icon_font_size=&#8221;on&#8221; icon_font_size=&#8221;20px&#8221; _builder_version=&#8221;4.27.5&#8243; text_orientation=&#8221;left&#8221; border_radii=&#8221;on|45px|45px|45px|45px&#8221; global_colors_info=&#8221;{}&#8221;][et_pb_social_media_follow_network social_network=&#8221;instagram&#8221; url=&#8221;https:\/\/www.instagram.com\/toniforns\/&#8221; _builder_version=&#8221;4.27.4&#8243; background_color=&#8221;#ea2c59&#8243; global_colors_info=&#8221;{}&#8221; follow_button=&#8221;off&#8221; url_new_window=&#8221;on&#8221;]instagram[\/et_pb_social_media_follow_network][et_pb_social_media_follow_network social_network=&#8221;whatsapp&#8221; url=&#8221;https:\/\/wa.me\/34600726308&#8243; _builder_version=&#8221;4.27.4&#8243; _module_preset=&#8221;default&#8221; background_color=&#8221;#25D366&#8243; global_colors_info=&#8221;{}&#8221; follow_button=&#8221;off&#8221; url_new_window=&#8221;on&#8221;]whatsapp[\/et_pb_social_media_follow_network][\/et_pb_social_media_follow][\/et_pb_column][\/et_pb_row][\/et_pb_section]<\/p>\n","protected":false},"excerpt":{"rendered":"<p>I&#8217;m Pau Forns, videographer My training began long before I picked up a video camera, watching my father, a very experienced photographer. I inherited his eye for light, composition and, above all, the gift of capturing the essence of a moment. I have transferred this heritage to videography, with a style that mixes the capture [&hellip;]<\/p>\n","protected":false},"author":1,"featured_media":0,"parent":0,"menu_order":0,"comment_status":"closed","ping_status":"closed","template":"","meta":{"_et_pb_use_builder":"on","_et_pb_old_content":"","_et_gb_content_width":"","_monsterinsights_skip_tracking":false,"_monsterinsights_sitenote_active":false,"_monsterinsights_sitenote_note":"","_monsterinsights_sitenote_category":0,"footnotes":""},"class_list":["post-3373","page","type-page","status-publish","hentry"],"_links":{"self":[{"href":"https:\/\/www.toniforns.com\/en\/wp-json\/wp\/v2\/pages\/3373","targetHints":{"allow":["GET"]}}],"collection":[{"href":"https:\/\/www.toniforns.com\/en\/wp-json\/wp\/v2\/pages"}],"about":[{"href":"https:\/\/www.toniforns.com\/en\/wp-json\/wp\/v2\/types\/page"}],"author":[{"embeddable":true,"href":"https:\/\/www.toniforns.com\/en\/wp-json\/wp\/v2\/users\/1"}],"replies":[{"embeddable":true,"href":"https:\/\/www.toniforns.com\/en\/wp-json\/wp\/v2\/comments?post=3373"}],"version-history":[{"count":6,"href":"https:\/\/www.toniforns.com\/en\/wp-json\/wp\/v2\/pages\/3373\/revisions"}],"predecessor-version":[{"id":3404,"href":"https:\/\/www.toniforns.com\/en\/wp-json\/wp\/v2\/pages\/3373\/revisions\/3404"}],"wp:attachment":[{"href":"https:\/\/www.toniforns.com\/en\/wp-json\/wp\/v2\/media?parent=3373"}],"curies":[{"name":"wp","href":"https:\/\/api.w.org\/{rel}","templated":true}]}}